{"id":53877,"date":"2025-04-08T22:29:48","date_gmt":"2025-04-08T22:29:48","guid":{"rendered":"https:\/\/faciapmulher.org.br\/?page_id=53877"},"modified":"2025-10-09T18:58:40","modified_gmt":"2025-10-09T18:58:40","slug":"videos","status":"publish","type":"page","link":"https:\/\/faciapmulher.org.br\/?page_id=53877","title":{"rendered":"V\u00eddeos"},"content":{"rendered":"\t\t<div data-elementor-type=\"wp-page\" data-elementor-id=\"53877\" class=\"elementor elementor-53877\" data-elementor-post-type=\"page\">\n\t\t\t\t<div class=\"elementor-element elementor-element-627da3d top-banner-container e-flex e-con-boxed e-con e-parent\" data-id=\"627da3d\" data-element_type=\"container\" data-e-type=\"container\">\n\t\t\t\t\t<div class=\"e-con-inner\">\n\t\t\t\t<div class=\"elementor-element elementor-element-d9ed33b elementor-widget elementor-widget-image\" data-id=\"d9ed33b\" data-element_type=\"widget\" data-e-type=\"widget\" data-widget_type=\"image.default\">\n\t\t\t\t<div class=\"elementor-widget-container\">\n\t\t\t\t\t\t\t\t\t\t\t\t\t\t\t<img fetchpriority=\"high\" decoding=\"async\" width=\"1440\" height=\"442\" src=\"https:\/\/faciapmulher.org.br\/wp-content\/uploads\/2025\/10\/IMG_PADRAO_ZIONACES_GALERIA_VIDEOS.jpg\" class=\"attachment-full size-full wp-image-96137\" alt=\"\" srcset=\"https:\/\/faciapmulher.org.br\/wp-content\/uploads\/2025\/10\/IMG_PADRAO_ZIONACES_GALERIA_VIDEOS.jpg 1440w, https:\/\/faciapmulher.org.br\/wp-content\/uploads\/2025\/10\/IMG_PADRAO_ZIONACES_GALERIA_VIDEOS-300x92.jpg 300w, https:\/\/faciapmulher.org.br\/wp-content\/uploads\/2025\/10\/IMG_PADRAO_ZIONACES_GALERIA_VIDEOS-1024x314.jpg 1024w, https:\/\/faciapmulher.org.br\/wp-content\/uploads\/2025\/10\/IMG_PADRAO_ZIONACES_GALERIA_VIDEOS-768x236.jpg 768w\" sizes=\"(max-width: 1440px) 100vw, 1440px\" \/>\t\t\t\t\t\t\t\t\t\t\t\t\t\t\t<\/div>\n\t\t\t\t<\/div>\n\t\t\t\t\t<\/div>\n\t\t\t\t<\/div>\n\t\t<div class=\"elementor-element elementor-element-11842ae e-flex e-con-boxed e-con e-parent\" data-id=\"11842ae\" data-element_type=\"container\" data-e-type=\"container\">\n\t\t\t\t\t<div class=\"e-con-inner\">\n\t\t\t\t<div class=\"elementor-element elementor-element-531b5d4 elementor-widget elementor-widget-heading\" data-id=\"531b5d4\" data-element_type=\"widget\" data-e-type=\"widget\" data-widget_type=\"heading.default\">\n\t\t\t\t<div class=\"elementor-widget-container\">\n\t\t\t\t\t<h2 class=\"elementor-heading-title elementor-size-default\">Galeria de v\u00eddeos<\/h2>\t\t\t\t<\/div>\n\t\t\t\t<\/div>\n\t\t\t\t<div class=\"elementor-element elementor-element-a3faa38 elementor-grid-3 elementor-grid-tablet-2 elementor-grid-mobile-1 elementor-widget elementor-widget-loop-grid\" data-id=\"a3faa38\" data-element_type=\"widget\" data-e-type=\"widget\" data-settings=\"{&quot;template_id&quot;:&quot;53890&quot;,&quot;pagination_type&quot;:&quot;load_more_infinite_scroll&quot;,&quot;_skin&quot;:&quot;post&quot;,&quot;columns&quot;:&quot;3&quot;,&quot;columns_tablet&quot;:&quot;2&quot;,&quot;columns_mobile&quot;:&quot;1&quot;,&quot;edit_handle_selector&quot;:&quot;[data-elementor-type=\\&quot;loop-item\\&quot;]&quot;,&quot;load_more_spinner&quot;:{&quot;value&quot;:&quot;fas fa-spinner&quot;,&quot;library&quot;:&quot;fa-solid&quot;},&quot;row_gap&quot;:{&quot;unit&quot;:&quot;px&quot;,&quot;size&quot;:&quot;&quot;,&quot;sizes&quot;:[]},&quot;row_gap_tablet&quot;:{&quot;unit&quot;:&quot;px&quot;,&quot;size&quot;:&quot;&quot;,&quot;sizes&quot;:[]},&quot;row_gap_mobile&quot;:{&quot;unit&quot;:&quot;px&quot;,&quot;size&quot;:&quot;&quot;,&quot;sizes&quot;:[]}}\" data-widget_type=\"loop-grid.post\">\n\t\t\t\t<div class=\"elementor-widget-container\">\n\t\t\t\t\t\t\t<div class=\"e-loop-nothing-found-message\">\n\t\t\t\t\t<div class=\"e-loop-nothing-found-message__text\">\n\t\t\t\tN\u00e3o h\u00e1 v\u00eddeos para exibir.\t\t\t<\/div>\n\t\t\t<\/div>\n\t\t\t\t\t\t<\/div>\n\t\t\t\t<\/div>\n\t\t\t\t\t<\/div>\n\t\t\t\t<\/div>\n\t\t\t\t<\/div>\n\t\t","protected":false},"excerpt":{"rendered":"<p>Galeria de v\u00eddeos<\/p>\n","protected":false},"author":13,"featured_media":0,"parent":0,"menu_order":0,"comment_status":"closed","ping_status":"closed","template":"","meta":{"_acf_changed":false,"_joinchat":[],"footnotes":""},"class_list":["post-53877","page","type-page","status-publish","hentry"],"acf":false,"yoast_head":"<!-- This site is optimized with the Yoast SEO plugin v27.4 - https:\/\/yoast.com\/product\/yoast-seo-wordpress\/ -->\n<title>V\u00eddeos - FACIAP Mulher<\/title>\n<meta name=\"robots\" content=\"index, follow, max-snippet:-1, max-image-preview:large, max-video-preview:-1\" \/>\n<link rel=\"canonical\" href=\"https:\/\/faciapmulher.org.br\/?page_id=53877\" \/>\n<meta property=\"og:locale\" content=\"pt_BR\" \/>\n<meta property=\"og:type\" content=\"article\" \/>\n<meta property=\"og:title\" content=\"V\u00eddeos - FACIAP Mulher\" \/>\n<meta property=\"og:description\" content=\"Galeria de v\u00eddeos\" \/>\n<meta property=\"og:url\" content=\"https:\/\/faciapmulher.org.br\/?page_id=53877\" \/>\n<meta property=\"og:site_name\" content=\"FACIAP Mulher\" \/>\n<meta property=\"article:modified_time\" content=\"2025-10-09T18:58:40+00:00\" \/>\n<meta property=\"og:image\" content=\"https:\/\/faciapmulher.org.br\/wp-content\/uploads\/2025\/10\/IMG_PADRAO_ZIONACES_GALERIA_VIDEOS.jpg\" \/>\n<meta name=\"twitter:card\" content=\"summary_large_image\" \/>\n<meta name=\"twitter:label1\" content=\"Est. tempo de leitura\" \/>\n\t<meta name=\"twitter:data1\" content=\"1 minuto\" \/>\n<script type=\"application\/ld+json\" class=\"yoast-schema-graph\">{\"@context\":\"https:\\\/\\\/schema.org\",\"@graph\":[{\"@type\":\"WebPage\",\"@id\":\"https:\\\/\\\/faciapmulher.org.br\\\/?page_id=53877\",\"url\":\"https:\\\/\\\/faciapmulher.org.br\\\/?page_id=53877\",\"name\":\"V\u00eddeos - FACIAP Mulher\",\"isPartOf\":{\"@id\":\"https:\\\/\\\/faciapmulher.org.br\\\/#website\"},\"primaryImageOfPage\":{\"@id\":\"https:\\\/\\\/faciapmulher.org.br\\\/?page_id=53877#primaryimage\"},\"image\":{\"@id\":\"https:\\\/\\\/faciapmulher.org.br\\\/?page_id=53877#primaryimage\"},\"thumbnailUrl\":\"https:\\\/\\\/faciapmulher.org.br\\\/wp-content\\\/uploads\\\/2025\\\/10\\\/IMG_PADRAO_ZIONACES_GALERIA_VIDEOS.jpg\",\"datePublished\":\"2025-04-08T22:29:48+00:00\",\"dateModified\":\"2025-10-09T18:58:40+00:00\",\"breadcrumb\":{\"@id\":\"https:\\\/\\\/faciapmulher.org.br\\\/?page_id=53877#breadcrumb\"},\"inLanguage\":\"pt-BR\",\"potentialAction\":[{\"@type\":\"ReadAction\",\"target\":[\"https:\\\/\\\/faciapmulher.org.br\\\/?page_id=53877\"]}]},{\"@type\":\"ImageObject\",\"inLanguage\":\"pt-BR\",\"@id\":\"https:\\\/\\\/faciapmulher.org.br\\\/?page_id=53877#primaryimage\",\"url\":\"https:\\\/\\\/faciapmulher.org.br\\\/wp-content\\\/uploads\\\/2025\\\/10\\\/IMG_PADRAO_ZIONACES_GALERIA_VIDEOS.jpg\",\"contentUrl\":\"https:\\\/\\\/faciapmulher.org.br\\\/wp-content\\\/uploads\\\/2025\\\/10\\\/IMG_PADRAO_ZIONACES_GALERIA_VIDEOS.jpg\",\"width\":1440,\"height\":442},{\"@type\":\"BreadcrumbList\",\"@id\":\"https:\\\/\\\/faciapmulher.org.br\\\/?page_id=53877#breadcrumb\",\"itemListElement\":[{\"@type\":\"ListItem\",\"position\":1,\"name\":\"In\u00edcio\",\"item\":\"https:\\\/\\\/faciapmulher.org.br\\\/\"},{\"@type\":\"ListItem\",\"position\":2,\"name\":\"V\u00eddeos\"}]},{\"@type\":\"WebSite\",\"@id\":\"https:\\\/\\\/faciapmulher.org.br\\\/#website\",\"url\":\"https:\\\/\\\/faciapmulher.org.br\\\/\",\"name\":\"FACIAP Mulher\",\"description\":\"\",\"publisher\":{\"@id\":\"https:\\\/\\\/faciapmulher.org.br\\\/#organization\"},\"potentialAction\":[{\"@type\":\"SearchAction\",\"target\":{\"@type\":\"EntryPoint\",\"urlTemplate\":\"https:\\\/\\\/faciapmulher.org.br\\\/?s={search_term_string}\"},\"query-input\":{\"@type\":\"PropertyValueSpecification\",\"valueRequired\":true,\"valueName\":\"search_term_string\"}}],\"inLanguage\":\"pt-BR\"},{\"@type\":\"Organization\",\"@id\":\"https:\\\/\\\/faciapmulher.org.br\\\/#organization\",\"name\":\"FACIAP Mulher\",\"url\":\"https:\\\/\\\/faciapmulher.org.br\\\/\",\"logo\":{\"@type\":\"ImageObject\",\"inLanguage\":\"pt-BR\",\"@id\":\"https:\\\/\\\/faciapmulher.org.br\\\/#\\\/schema\\\/logo\\\/image\\\/\",\"url\":\"https:\\\/\\\/faciapmulher.org.br\\\/wp-content\\\/uploads\\\/2024\\\/07\\\/caciopar_logo.jpg\",\"contentUrl\":\"https:\\\/\\\/faciapmulher.org.br\\\/wp-content\\\/uploads\\\/2024\\\/07\\\/caciopar_logo.jpg\",\"width\":1024,\"height\":236,\"caption\":\"FACIAP Mulher\"},\"image\":{\"@id\":\"https:\\\/\\\/faciapmulher.org.br\\\/#\\\/schema\\\/logo\\\/image\\\/\"}}]}<\/script>\n<!-- \/ Yoast SEO plugin. -->","yoast_head_json":{"title":"V\u00eddeos - FACIAP Mulher","robots":{"index":"index","follow":"follow","max-snippet":"max-snippet:-1","max-image-preview":"max-image-preview:large","max-video-preview":"max-video-preview:-1"},"canonical":"https:\/\/faciapmulher.org.br\/?page_id=53877","og_locale":"pt_BR","og_type":"article","og_title":"V\u00eddeos - FACIAP Mulher","og_description":"Galeria de v\u00eddeos","og_url":"https:\/\/faciapmulher.org.br\/?page_id=53877","og_site_name":"FACIAP Mulher","article_modified_time":"2025-10-09T18:58:40+00:00","og_image":[{"url":"https:\/\/faciapmulher.org.br\/wp-content\/uploads\/2025\/10\/IMG_PADRAO_ZIONACES_GALERIA_VIDEOS.jpg","type":"","width":"","height":""}],"twitter_card":"summary_large_image","twitter_misc":{"Est. tempo de leitura":"1 minuto"},"schema":{"@context":"https:\/\/schema.org","@graph":[{"@type":"WebPage","@id":"https:\/\/faciapmulher.org.br\/?page_id=53877","url":"https:\/\/faciapmulher.org.br\/?page_id=53877","name":"V\u00eddeos - FACIAP Mulher","isPartOf":{"@id":"https:\/\/faciapmulher.org.br\/#website"},"primaryImageOfPage":{"@id":"https:\/\/faciapmulher.org.br\/?page_id=53877#primaryimage"},"image":{"@id":"https:\/\/faciapmulher.org.br\/?page_id=53877#primaryimage"},"thumbnailUrl":"https:\/\/faciapmulher.org.br\/wp-content\/uploads\/2025\/10\/IMG_PADRAO_ZIONACES_GALERIA_VIDEOS.jpg","datePublished":"2025-04-08T22:29:48+00:00","dateModified":"2025-10-09T18:58:40+00:00","breadcrumb":{"@id":"https:\/\/faciapmulher.org.br\/?page_id=53877#breadcrumb"},"inLanguage":"pt-BR","potentialAction":[{"@type":"ReadAction","target":["https:\/\/faciapmulher.org.br\/?page_id=53877"]}]},{"@type":"ImageObject","inLanguage":"pt-BR","@id":"https:\/\/faciapmulher.org.br\/?page_id=53877#primaryimage","url":"https:\/\/faciapmulher.org.br\/wp-content\/uploads\/2025\/10\/IMG_PADRAO_ZIONACES_GALERIA_VIDEOS.jpg","contentUrl":"https:\/\/faciapmulher.org.br\/wp-content\/uploads\/2025\/10\/IMG_PADRAO_ZIONACES_GALERIA_VIDEOS.jpg","width":1440,"height":442},{"@type":"BreadcrumbList","@id":"https:\/\/faciapmulher.org.br\/?page_id=53877#breadcrumb","itemListElement":[{"@type":"ListItem","position":1,"name":"In\u00edcio","item":"https:\/\/faciapmulher.org.br\/"},{"@type":"ListItem","position":2,"name":"V\u00eddeos"}]},{"@type":"WebSite","@id":"https:\/\/faciapmulher.org.br\/#website","url":"https:\/\/faciapmulher.org.br\/","name":"FACIAP Mulher","description":"","publisher":{"@id":"https:\/\/faciapmulher.org.br\/#organization"},"potentialAction":[{"@type":"SearchAction","target":{"@type":"EntryPoint","urlTemplate":"https:\/\/faciapmulher.org.br\/?s={search_term_string}"},"query-input":{"@type":"PropertyValueSpecification","valueRequired":true,"valueName":"search_term_string"}}],"inLanguage":"pt-BR"},{"@type":"Organization","@id":"https:\/\/faciapmulher.org.br\/#organization","name":"FACIAP Mulher","url":"https:\/\/faciapmulher.org.br\/","logo":{"@type":"ImageObject","inLanguage":"pt-BR","@id":"https:\/\/faciapmulher.org.br\/#\/schema\/logo\/image\/","url":"https:\/\/faciapmulher.org.br\/wp-content\/uploads\/2024\/07\/caciopar_logo.jpg","contentUrl":"https:\/\/faciapmulher.org.br\/wp-content\/uploads\/2024\/07\/caciopar_logo.jpg","width":1024,"height":236,"caption":"FACIAP Mulher"},"image":{"@id":"https:\/\/faciapmulher.org.br\/#\/schema\/logo\/image\/"}}]}},"_links":{"self":[{"href":"https:\/\/faciapmulher.org.br\/index.php?rest_route=\/wp\/v2\/pages\/53877","targetHints":{"allow":["GET"]}}],"collection":[{"href":"https:\/\/faciapmulher.org.br\/index.php?rest_route=\/wp\/v2\/pages"}],"about":[{"href":"https:\/\/faciapmulher.org.br\/index.php?rest_route=\/wp\/v2\/types\/page"}],"author":[{"embeddable":true,"href":"https:\/\/faciapmulher.org.br\/index.php?rest_route=\/wp\/v2\/users\/13"}],"replies":[{"embeddable":true,"href":"https:\/\/faciapmulher.org.br\/index.php?rest_route=%2Fwp%2Fv2%2Fcomments&post=53877"}],"version-history":[{"count":37,"href":"https:\/\/faciapmulher.org.br\/index.php?rest_route=\/wp\/v2\/pages\/53877\/revisions"}],"predecessor-version":[{"id":99522,"href":"https:\/\/faciapmulher.org.br\/index.php?rest_route=\/wp\/v2\/pages\/53877\/revisions\/99522"}],"wp:attachment":[{"href":"https:\/\/faciapmulher.org.br\/index.php?rest_route=%2Fwp%2Fv2%2Fmedia&parent=53877"}],"curies":[{"name":"wp","href":"https:\/\/api.w.org\/{rel}","templated":true}]}}