{"id":53929,"date":"2025-04-09T00:54:05","date_gmt":"2025-04-09T00:54:05","guid":{"rendered":"https:\/\/faciapmulher.org.br\/?page_id=53929"},"modified":"2025-10-22T16:28:21","modified_gmt":"2025-10-22T16:28:21","slug":"downloads","status":"publish","type":"page","link":"https:\/\/faciapmulher.org.br\/?page_id=53929","title":{"rendered":"Documentos"},"content":{"rendered":"\t\t<div data-elementor-type=\"wp-page\" data-elementor-id=\"53929\" class=\"elementor elementor-53929\" data-elementor-post-type=\"page\">\n\t\t\t\t<div class=\"elementor-element elementor-element-480d841 top-banner-container e-flex e-con-boxed e-con e-parent\" data-id=\"480d841\" data-element_type=\"container\" data-e-type=\"container\">\n\t\t\t\t\t<div class=\"e-con-inner\">\n\t\t\t\t<div class=\"elementor-element elementor-element-6ae2f49 elementor-widget elementor-widget-image\" data-id=\"6ae2f49\" data-element_type=\"widget\" data-e-type=\"widget\" data-widget_type=\"image.default\">\n\t\t\t\t<div class=\"elementor-widget-container\">\n\t\t\t\t\t\t\t\t\t\t\t\t\t\t\t<img fetchpriority=\"high\" decoding=\"async\" width=\"1440\" height=\"442\" src=\"https:\/\/faciapmulher.org.br\/wp-content\/uploads\/2025\/10\/IMG_PADRAO_ZIONACES_CENTRAL_DOWNLOADS.jpg\" class=\"attachment-full size-full wp-image-95653\" alt=\"\" srcset=\"https:\/\/faciapmulher.org.br\/wp-content\/uploads\/2025\/10\/IMG_PADRAO_ZIONACES_CENTRAL_DOWNLOADS.jpg 1440w, https:\/\/faciapmulher.org.br\/wp-content\/uploads\/2025\/10\/IMG_PADRAO_ZIONACES_CENTRAL_DOWNLOADS-300x92.jpg 300w, https:\/\/faciapmulher.org.br\/wp-content\/uploads\/2025\/10\/IMG_PADRAO_ZIONACES_CENTRAL_DOWNLOADS-1024x314.jpg 1024w, https:\/\/faciapmulher.org.br\/wp-content\/uploads\/2025\/10\/IMG_PADRAO_ZIONACES_CENTRAL_DOWNLOADS-768x236.jpg 768w\" sizes=\"(max-width: 1440px) 100vw, 1440px\" \/>\t\t\t\t\t\t\t\t\t\t\t\t\t\t\t<\/div>\n\t\t\t\t<\/div>\n\t\t\t\t\t<\/div>\n\t\t\t\t<\/div>\n\t\t<div class=\"elementor-element elementor-element-1734345 e-flex e-con-boxed e-con e-parent\" data-id=\"1734345\" data-element_type=\"container\" data-e-type=\"container\" data-settings=\"{&quot;background_background&quot;:&quot;classic&quot;}\">\n\t\t\t\t\t<div class=\"e-con-inner\">\n\t\t\t\t<div class=\"elementor-element elementor-element-6b13787 elementor-widget elementor-widget-heading\" data-id=\"6b13787\" data-element_type=\"widget\" data-e-type=\"widget\" data-widget_type=\"heading.default\">\n\t\t\t\t<div class=\"elementor-widget-container\">\n\t\t\t\t\t<h2 class=\"elementor-heading-title elementor-size-default\">Central de downloads<\/h2>\t\t\t\t<\/div>\n\t\t\t\t<\/div>\n\t\t\t\t<div class=\"elementor-element elementor-element-279b8ff elementor-widget elementor-widget-shortcode\" data-id=\"279b8ff\" data-element_type=\"widget\" data-e-type=\"widget\" data-widget_type=\"shortcode.default\">\n\t\t\t\t<div class=\"elementor-widget-container\">\n\t\t\t\t\t\t\t<div class=\"elementor-shortcode\">    <form id=\"filtro-documentos\">\n        <div class=\"filtro-container\">\n            <div class=\"filtro-item filtro-item-medium\">\n                <label for=\"data_inicio\">Data In\u00edcio:<\/label>\n                <input type=\"date\" name=\"data_inicio\" id=\"data_inicio\">\n            <\/div>\n\n            <div class=\"filtro-item filtro-item-medium\">\n                <label for=\"data_fim\">Data Fim:<\/label>\n                <input type=\"date\" name=\"data_fim\" id=\"data_fim\">\n            <\/div>\n\n            <div class=\"filtro-item filtro-item-medium\">\n                <label for=\"categoria\">Categoria:<\/label>\n                <select name=\"categoria\" id=\"categoria\">\n                    <option value=\"\">Todas<\/option>\n                    <option value=\"campo-largo-em-numeros\">CAMPO LARGO EM N\u00daMEROS<\/option><option value=\"documentos\">Documentos<\/option><option value=\"imagens-e-artes\">Imagens e Artes<\/option><option value=\"outros\">Outros<\/option>                <\/select>\n            <\/div>\n\n            <div class=\"filtro-item filtro-item-large\">\n                <label for=\"busca_texto\">Buscar por nome:<\/label>\n                <input type=\"text\" name=\"busca_texto\" id=\"busca_texto\" placeholder=\"Digite o nome do documento\">\n            <\/div>\n\n\n            <button type=\"submit\" class=\"btn-padrao btn-buscar\">Buscar<\/button>\n        <\/div>\n    <\/form>\n\n    <div id=\"resultado-documentos\">\n        <p>Carregando documentos...<\/p>\n    <\/div>\n\n    <script>\n    jQuery(document).ready(function($) {\n        function carregarDocumentos() {\n            var data_inicio = $('#data_inicio').val();\n            var data_fim = $('#data_fim').val();\n            var categoria = $('#categoria').val();\n            var busca_texto = $('#busca_texto').val();\n\n            $.ajax({\n                url: 'https:\/\/faciapmulher.org.br\/wp-admin\/admin-ajax.php',\n                type: 'POST',\n                data: {\n                    action: 'filtrar_documentos',\n                    data_inicio: data_inicio,\n                    data_fim: data_fim,\n                    categoria: categoria,\n                    busca_texto: busca_texto\n                },\n                cache: false,\n                beforeSend: function() {\n                    $('#resultado-documentos').html('<p>Carregando documentos...<\/p>');\n                },\n                success: function(response) {\n                    $('#resultado-documentos').html(response);\n                }\n            });\n        }\n\n        $('#filtro-documentos').on('submit', function(e) {\n            e.preventDefault();\n            carregarDocumentos();\n        });\n\n        carregarDocumentos();\n    });\n    <\/script>\n    <\/div>\n\t\t\t\t\t\t<\/div>\n\t\t\t\t<\/div>\n\t\t\t\t<div class=\"elementor-element elementor-element-e4464fa elementor-widget elementor-widget-html\" data-id=\"e4464fa\" data-element_type=\"widget\" data-e-type=\"widget\" data-widget_type=\"html.default\">\n\t\t\t\t<div class=\"elementor-widget-container\">\n\t\t\t\t\t<script>\n    jQuery(document).ready(function($) {\n    function carregarDocumentos() {\n        var data_inicio = $('#data_inicio').val();\n        var data_fim = $('#data_fim').val();\n        var categoria = $('#categoria').val();\n\n        $.ajax({\n            url: '<?php echo admin_url(\"admin-ajax.php\"); ?>',\n            type: 'POST',\n            data: {\n                action: 'filtrar_documentos',\n                data_inicio: data_inicio,\n                data_fim: data_fim,\n                categoria: categoria\n            },\n            cache: false,\n            beforeSend: function() {\n                $('#resultado-documentos').html('<p>Carregando documentos...<\/p>');\n            },\n            success: function(response) {\n                $('#resultado-documentos').html(response);\n                \n                \/\/ Reaplicando estilos ap\u00f3s carregar o AJAX\n                $('.download-btn').css({\n                    'display': 'inline-block',\n                    'padding': '8px 15px',\n                    'background-color': '#007bff',\n                    'color': 'white',\n                    'text-decoration': 'none',\n                    'border-radius': '5px',\n                    'transition': 'background-color 0.3s ease'\n                });\n            }\n        });\n    }\n\n    $('#filtro-documentos').on('submit', function(e) {\n        e.preventDefault();\n        carregarDocumentos();\n    });\n\n    carregarDocumentos();\n});\n\n<\/script>\t\t\t\t<\/div>\n\t\t\t\t<\/div>\n\t\t\t\t<div class=\"elementor-element elementor-element-255e84e elementor-widget elementor-widget-html\" data-id=\"255e84e\" data-element_type=\"widget\" data-e-type=\"widget\" data-widget_type=\"html.default\">\n\t\t\t\t<div class=\"elementor-widget-container\">\n\t\t\t\t\t\n<div id=\"modal-arquivos\" class=\"modal\" style=\"\">\n    <div id=\"modal-arquivos-view\">\n        <?php var_dump( get_field( 'download_nova_pagina', 54752 ) ); ?>\n        <button type=\"button\" class=\"fechar-modal\" style=\"\">&times;<\/button>\n        <h3 id=\"modal-arquivos-title\">Arquivos relacionados<\/h3>\n        <div id=\"modal-arquivos-content\"><\/div>\n        <div id=\"lista-arquivos\">\n            <p>Carregando...<\/p>\n        <\/div>\n    <\/div>\n<\/div>\n\n<style>\n    #modal-arquivos {\n        display:none; \n        position:fixed; \n        top:0; left:0; \n        width:100%; \n        height:100%; \n        background:rgba(0,0,0,0.7); \n        z-index:9999;       \n    }\n    \n    #modal-arquivos-view {\n        background:#fff; \n        margin: 20vh auto; \n        padding:15px; \n        max-width: 800px; \n        border-radius:8px; \n        position:relative;\n    }\n    \n    #modal-arquivos-view .fechar-modal {\n        color: #4e4e4e;\n        float:right; \n        background:none; \n        border:none; \n        font-size:1.5em; \n        cursor:pointer;\n    }\n    \n    #modal-arquivos-view .fechar-modal:hover {\n        color: red;  \n    }\n    \n    #modal-arquivos-view .item-lista-arquivo {\n        display: flex;\n        padding: 3px;\n    }\n    \n    #modal-arquivos-view .item-lista-arquivo:hover {\n        background-color: #efefef;\n    }\n    \n    #modal-arquivos-view .cl-titulo {\n        width: 60%;\n        display: flex;\n        align-items: center;\n    }\n    \n    #modal-arquivos-view .cl-data {\n        width: 25%;\n        display: flex;\n        align-items: center;\n        justify-content: end;\n        padding-right: 3px;\n    }\n    \n    #modal-arquivos-view .cl-data span {\n        font-size: 12px;\n    }\n    \n    #modal-arquivos-view .cl-btn-download {\n        display: flex;\n        width: 15%;\n        align-items: center;\n    }\n    \n    #modal-arquivos-view .arquivo-titulo {\n        text-decoration: none;\n        color: var(--e-global-color-secondary);\n        display: flex;\n        align-items: center;\n    }\n    \n    #modal-arquivos-view .arquivo-titulo:hover {\n        text-decoration: none;\n        color: var(--e-global-color-10073cd);\n    }\n    \n    #modal-arquivos-view .btn-download-arquivos {\n        float: right;\n    }\n    \n    #modal-arquivos-view .doc-icone {\n        color: #2980b9;\n        font-size: 25px;\n        margin-right: 10px;\n    }\n    \n    #modal-arquivos-content {\n        margin-left: 15px;\n        margin-bottom: 5px;\n        padding-left: 5px;\n        border-left: 2px solid #005f8d;\n        max-height: 200px;\n        overflow-y: auto;\n        overflow-x: none;\n    }\n    \n    @media (max-width: 767px) {\n        #modal-arquivos-view .cl-titulo {\n            width: 55%; \n        }\n    \n        #modal-arquivos-view .cl-data {\n            width: 22%; \n        }\n        \n        #modal-arquivos-view .cl-data span {\n            font-size: 10px;\n        }\n            \n        #modal-arquivos-view .cl-btn-download {\n            width: 100px;\n        }        \n    }\n<\/style>\n\n<script defer>\ndocument.addEventListener('DOMContentLoaded', function () {\n    const modal = document.getElementById('modal-arquivos');\n    const listaArquivos = document.getElementById('lista-arquivos');\n\n    \/\/ Fechar modal\n    if (modal) {\n        modal.addEventListener('click', function (e) {\n            if (e.target === modal || e.target.classList.contains('fechar-modal')) {\n                modal.style.display = 'none';\n            }\n        });\n    }\n\n    \/\/ Delega\u00e7\u00e3o de evento: ouve cliques em toda a p\u00e1gina\n    document.addEventListener('click', function (e) {\n        \/\/ Verifica se o clique foi em um bot\u00e3o com a classe .abrir-modal\n        if (e.target.classList.contains('abrir-modal')) {\n            e.preventDefault();\n\n            const documentoId = e.target.getAttribute('data-documento-id');\n            if (!documentoId) return;\n\n            \/\/ Abre o modal e carrega os arquivos\n            listaArquivos.innerHTML = '<p>Carregando...<\/p>';\n            modal.style.display = 'block';\n\n            const formData = new FormData();\n            formData.append('action', 'carregar_arquivos_relacionados');\n            formData.append('documento_id', documentoId);\n\n            fetch(ajax_object.ajax_url, {\n                method: 'POST',\n                body: formData\n            })\n            .then(response => response.json())\n            .then(data => {\n                if (data.success) {\n                    let el_title = document.getElementById('modal-arquivos-title');\n                    let el_content = document.getElementById('modal-arquivos-content');\n                    el_title.innerHTML = data.data.documento.titulo || 'Arquivos relacionados';\n                    \n                    el_content.innerHTML = '';\n                    if (data.data.documento.conteudo) {\n                        el_content.innerHTML = data.data.documento.conteudo || '';\n                    }\n                }\n                \n                \n                if (data.success && Array.isArray(data.data.arquivos) && data.data.arquivos.length > 0) {\n                    \n                    let html = '';\n                    data.data.arquivos.forEach(arquivo => {\n                        const url = arquivo.url || '#';\n                        const titulo = arquivo.titulo || 'Arquivo sem t\u00edtulo';\n                        let data_update = arquivo.data || '';\n                        if (data_update != '') {\n                            data_update = 'Atualizado em: ' + data_update;\n                        }\n                        \n                        console.log(data.data);\n                        \n                        html += `<hr><div class=\"item-lista-arquivo\">`; \n                        if (data.data.documento.nova_guia == 1) {  \n                            html += `<div class=\"cl-titulo\"><a class=\"arquivo-titulo\" href=\"\" target=\"_blank\" rel=\"noopener\" onclick=\"window.open('${url}'); return false;\"><span class=\"doc-icone\">&#x1F5CE;<\/span>${titulo}<\/a><\/div>`;\n                            html += `<div class=\"cl-data\"><span>${data_update}<\/span><\/div>`;\n                            html += `<div class=\"cl-btn-download\"><a class=\"btn-padrao btn-download-arquivos\"  href=\"\" target=\"_blank\" rel=\"noopener\" onclick=\"window.open('${url}'); return false;\">Download<\/a><\/div>`;\n                        } else {\n                            html += `<div class=\"cl-titulo\"><a class=\"arquivo-titulo\" href=\"${url}\" target=\"_blank\" rel=\"noopener\" download><span class=\"doc-icone\">&#x1F5CE;<\/span>${titulo}<\/a><\/div>`;\n                            html += `<div class=\"cl-data\"><span>${data_update}<\/span><\/div>`;\n                            html += `<div class=\"cl-btn-download\"><a class=\"btn-padrao btn-download-arquivos\"  href=\"${url}\" target=\"_blank\" rel=\"noopener\" download>Download<\/a><\/div>`;\n                        }\n                        html += `<\/div>`;\n                    });\n                    \n                    listaArquivos.innerHTML = html;\n                } else {\n                    listaArquivos.innerHTML = '<p>Nenhum arquivo relacionado encontrado.<\/p>';\n                }\n            })\n            .catch(err => {\n                console.error('Erro ao carregar arquivos:', err);\n                listaArquivos.innerHTML = '<p>Erro ao carregar os arquivos.<\/p>';\n            });\n        }\n    });\n});\n<\/script>\n\n\n\t\t\t\t<\/div>\n\t\t\t\t<\/div>\n\t\t\t\t\t<\/div>\n\t\t\t\t<\/div>\n\t\t\t\t<\/div>\n\t\t","protected":false},"excerpt":{"rendered":"<p>Central de downloads &times; Arquivos relacionados Carregando&#8230;<\/p>\n","protected":false},"author":13,"featured_media":0,"parent":0,"menu_order":0,"comment_status":"closed","ping_status":"closed","template":"","meta":{"_acf_changed":false,"_joinchat":[],"footnotes":""},"class_list":["post-53929","page","type-page","status-publish","hentry"],"acf":false,"yoast_head":"<!-- This site is optimized with the Yoast SEO plugin v27.4 - https:\/\/yoast.com\/product\/yoast-seo-wordpress\/ -->\n<title>Documentos - FACIAP Mulher<\/title>\n<meta name=\"robots\" content=\"index, follow, max-snippet:-1, max-image-preview:large, max-video-preview:-1\" \/>\n<link rel=\"canonical\" href=\"https:\/\/faciapmulher.org.br\/?page_id=53929\" \/>\n<meta property=\"og:locale\" content=\"pt_BR\" \/>\n<meta property=\"og:type\" content=\"article\" \/>\n<meta property=\"og:title\" content=\"Documentos - FACIAP Mulher\" \/>\n<meta property=\"og:description\" content=\"Central de downloads &times; Arquivos relacionados Carregando&#8230;\" \/>\n<meta property=\"og:url\" content=\"https:\/\/faciapmulher.org.br\/?page_id=53929\" \/>\n<meta property=\"og:site_name\" content=\"FACIAP Mulher\" \/>\n<meta property=\"article:modified_time\" content=\"2025-10-22T16:28:21+00:00\" \/>\n<meta property=\"og:image\" content=\"https:\/\/faciapmulher.org.br\/wp-content\/uploads\/2025\/10\/IMG_PADRAO_ZIONACES_CENTRAL_DOWNLOADS.jpg\" \/>\n<meta name=\"twitter:card\" content=\"summary_large_image\" \/>\n<meta name=\"twitter:label1\" content=\"Est. tempo de leitura\" \/>\n\t<meta name=\"twitter:data1\" content=\"1 minuto\" \/>\n<script type=\"application\/ld+json\" class=\"yoast-schema-graph\">{\"@context\":\"https:\\\/\\\/schema.org\",\"@graph\":[{\"@type\":\"WebPage\",\"@id\":\"https:\\\/\\\/faciapmulher.org.br\\\/?page_id=53929\",\"url\":\"https:\\\/\\\/faciapmulher.org.br\\\/?page_id=53929\",\"name\":\"Documentos - FACIAP Mulher\",\"isPartOf\":{\"@id\":\"https:\\\/\\\/faciapmulher.org.br\\\/#website\"},\"primaryImageOfPage\":{\"@id\":\"https:\\\/\\\/faciapmulher.org.br\\\/?page_id=53929#primaryimage\"},\"image\":{\"@id\":\"https:\\\/\\\/faciapmulher.org.br\\\/?page_id=53929#primaryimage\"},\"thumbnailUrl\":\"https:\\\/\\\/faciapmulher.org.br\\\/wp-content\\\/uploads\\\/2025\\\/10\\\/IMG_PADRAO_ZIONACES_CENTRAL_DOWNLOADS.jpg\",\"datePublished\":\"2025-04-09T00:54:05+00:00\",\"dateModified\":\"2025-10-22T16:28:21+00:00\",\"breadcrumb\":{\"@id\":\"https:\\\/\\\/faciapmulher.org.br\\\/?page_id=53929#breadcrumb\"},\"inLanguage\":\"pt-BR\",\"potentialAction\":[{\"@type\":\"ReadAction\",\"target\":[\"https:\\\/\\\/faciapmulher.org.br\\\/?page_id=53929\"]}]},{\"@type\":\"ImageObject\",\"inLanguage\":\"pt-BR\",\"@id\":\"https:\\\/\\\/faciapmulher.org.br\\\/?page_id=53929#primaryimage\",\"url\":\"https:\\\/\\\/faciapmulher.org.br\\\/wp-content\\\/uploads\\\/2025\\\/10\\\/IMG_PADRAO_ZIONACES_CENTRAL_DOWNLOADS.jpg\",\"contentUrl\":\"https:\\\/\\\/faciapmulher.org.br\\\/wp-content\\\/uploads\\\/2025\\\/10\\\/IMG_PADRAO_ZIONACES_CENTRAL_DOWNLOADS.jpg\",\"width\":1440,\"height\":442},{\"@type\":\"BreadcrumbList\",\"@id\":\"https:\\\/\\\/faciapmulher.org.br\\\/?page_id=53929#breadcrumb\",\"itemListElement\":[{\"@type\":\"ListItem\",\"position\":1,\"name\":\"In\u00edcio\",\"item\":\"https:\\\/\\\/faciapmulher.org.br\\\/\"},{\"@type\":\"ListItem\",\"position\":2,\"name\":\"Documentos\"}]},{\"@type\":\"WebSite\",\"@id\":\"https:\\\/\\\/faciapmulher.org.br\\\/#website\",\"url\":\"https:\\\/\\\/faciapmulher.org.br\\\/\",\"name\":\"FACIAP Mulher\",\"description\":\"\",\"publisher\":{\"@id\":\"https:\\\/\\\/faciapmulher.org.br\\\/#organization\"},\"potentialAction\":[{\"@type\":\"SearchAction\",\"target\":{\"@type\":\"EntryPoint\",\"urlTemplate\":\"https:\\\/\\\/faciapmulher.org.br\\\/?s={search_term_string}\"},\"query-input\":{\"@type\":\"PropertyValueSpecification\",\"valueRequired\":true,\"valueName\":\"search_term_string\"}}],\"inLanguage\":\"pt-BR\"},{\"@type\":\"Organization\",\"@id\":\"https:\\\/\\\/faciapmulher.org.br\\\/#organization\",\"name\":\"FACIAP Mulher\",\"url\":\"https:\\\/\\\/faciapmulher.org.br\\\/\",\"logo\":{\"@type\":\"ImageObject\",\"inLanguage\":\"pt-BR\",\"@id\":\"https:\\\/\\\/faciapmulher.org.br\\\/#\\\/schema\\\/logo\\\/image\\\/\",\"url\":\"https:\\\/\\\/faciapmulher.org.br\\\/wp-content\\\/uploads\\\/2024\\\/07\\\/caciopar_logo.jpg\",\"contentUrl\":\"https:\\\/\\\/faciapmulher.org.br\\\/wp-content\\\/uploads\\\/2024\\\/07\\\/caciopar_logo.jpg\",\"width\":1024,\"height\":236,\"caption\":\"FACIAP Mulher\"},\"image\":{\"@id\":\"https:\\\/\\\/faciapmulher.org.br\\\/#\\\/schema\\\/logo\\\/image\\\/\"}}]}<\/script>\n<!-- \/ Yoast SEO plugin. -->","yoast_head_json":{"title":"Documentos - FACIAP Mulher","robots":{"index":"index","follow":"follow","max-snippet":"max-snippet:-1","max-image-preview":"max-image-preview:large","max-video-preview":"max-video-preview:-1"},"canonical":"https:\/\/faciapmulher.org.br\/?page_id=53929","og_locale":"pt_BR","og_type":"article","og_title":"Documentos - FACIAP Mulher","og_description":"Central de downloads &times; Arquivos relacionados Carregando&#8230;","og_url":"https:\/\/faciapmulher.org.br\/?page_id=53929","og_site_name":"FACIAP Mulher","article_modified_time":"2025-10-22T16:28:21+00:00","og_image":[{"url":"https:\/\/faciapmulher.org.br\/wp-content\/uploads\/2025\/10\/IMG_PADRAO_ZIONACES_CENTRAL_DOWNLOADS.jpg","type":"","width":"","height":""}],"twitter_card":"summary_large_image","twitter_misc":{"Est. tempo de leitura":"1 minuto"},"schema":{"@context":"https:\/\/schema.org","@graph":[{"@type":"WebPage","@id":"https:\/\/faciapmulher.org.br\/?page_id=53929","url":"https:\/\/faciapmulher.org.br\/?page_id=53929","name":"Documentos - FACIAP Mulher","isPartOf":{"@id":"https:\/\/faciapmulher.org.br\/#website"},"primaryImageOfPage":{"@id":"https:\/\/faciapmulher.org.br\/?page_id=53929#primaryimage"},"image":{"@id":"https:\/\/faciapmulher.org.br\/?page_id=53929#primaryimage"},"thumbnailUrl":"https:\/\/faciapmulher.org.br\/wp-content\/uploads\/2025\/10\/IMG_PADRAO_ZIONACES_CENTRAL_DOWNLOADS.jpg","datePublished":"2025-04-09T00:54:05+00:00","dateModified":"2025-10-22T16:28:21+00:00","breadcrumb":{"@id":"https:\/\/faciapmulher.org.br\/?page_id=53929#breadcrumb"},"inLanguage":"pt-BR","potentialAction":[{"@type":"ReadAction","target":["https:\/\/faciapmulher.org.br\/?page_id=53929"]}]},{"@type":"ImageObject","inLanguage":"pt-BR","@id":"https:\/\/faciapmulher.org.br\/?page_id=53929#primaryimage","url":"https:\/\/faciapmulher.org.br\/wp-content\/uploads\/2025\/10\/IMG_PADRAO_ZIONACES_CENTRAL_DOWNLOADS.jpg","contentUrl":"https:\/\/faciapmulher.org.br\/wp-content\/uploads\/2025\/10\/IMG_PADRAO_ZIONACES_CENTRAL_DOWNLOADS.jpg","width":1440,"height":442},{"@type":"BreadcrumbList","@id":"https:\/\/faciapmulher.org.br\/?page_id=53929#breadcrumb","itemListElement":[{"@type":"ListItem","position":1,"name":"In\u00edcio","item":"https:\/\/faciapmulher.org.br\/"},{"@type":"ListItem","position":2,"name":"Documentos"}]},{"@type":"WebSite","@id":"https:\/\/faciapmulher.org.br\/#website","url":"https:\/\/faciapmulher.org.br\/","name":"FACIAP Mulher","description":"","publisher":{"@id":"https:\/\/faciapmulher.org.br\/#organization"},"potentialAction":[{"@type":"SearchAction","target":{"@type":"EntryPoint","urlTemplate":"https:\/\/faciapmulher.org.br\/?s={search_term_string}"},"query-input":{"@type":"PropertyValueSpecification","valueRequired":true,"valueName":"search_term_string"}}],"inLanguage":"pt-BR"},{"@type":"Organization","@id":"https:\/\/faciapmulher.org.br\/#organization","name":"FACIAP Mulher","url":"https:\/\/faciapmulher.org.br\/","logo":{"@type":"ImageObject","inLanguage":"pt-BR","@id":"https:\/\/faciapmulher.org.br\/#\/schema\/logo\/image\/","url":"https:\/\/faciapmulher.org.br\/wp-content\/uploads\/2024\/07\/caciopar_logo.jpg","contentUrl":"https:\/\/faciapmulher.org.br\/wp-content\/uploads\/2024\/07\/caciopar_logo.jpg","width":1024,"height":236,"caption":"FACIAP Mulher"},"image":{"@id":"https:\/\/faciapmulher.org.br\/#\/schema\/logo\/image\/"}}]}},"_links":{"self":[{"href":"https:\/\/faciapmulher.org.br\/index.php?rest_route=\/wp\/v2\/pages\/53929","targetHints":{"allow":["GET"]}}],"collection":[{"href":"https:\/\/faciapmulher.org.br\/index.php?rest_route=\/wp\/v2\/pages"}],"about":[{"href":"https:\/\/faciapmulher.org.br\/index.php?rest_route=\/wp\/v2\/types\/page"}],"author":[{"embeddable":true,"href":"https:\/\/faciapmulher.org.br\/index.php?rest_route=\/wp\/v2\/users\/13"}],"replies":[{"embeddable":true,"href":"https:\/\/faciapmulher.org.br\/index.php?rest_route=%2Fwp%2Fv2%2Fcomments&post=53929"}],"version-history":[{"count":115,"href":"https:\/\/faciapmulher.org.br\/index.php?rest_route=\/wp\/v2\/pages\/53929\/revisions"}],"predecessor-version":[{"id":136273,"href":"https:\/\/faciapmulher.org.br\/index.php?rest_route=\/wp\/v2\/pages\/53929\/revisions\/136273"}],"wp:attachment":[{"href":"https:\/\/faciapmulher.org.br\/index.php?rest_route=%2Fwp%2Fv2%2Fmedia&parent=53929"}],"curies":[{"name":"wp","href":"https:\/\/api.w.org\/{rel}","templated":true}]}}