{"id":569,"date":"2024-07-05T18:13:31","date_gmt":"2024-07-05T18:13:31","guid":{"rendered":"https:\/\/faciapmulher.org.br\/?page_id=569"},"modified":"2025-10-03T18:17:21","modified_gmt":"2025-10-03T18:17:21","slug":"nossos-parceiros","status":"publish","type":"page","link":"https:\/\/faciapmulher.org.br\/?page_id=569","title":{"rendered":"Nossos parceiros"},"content":{"rendered":"\t\t<div data-elementor-type=\"wp-page\" data-elementor-id=\"569\" class=\"elementor elementor-569\" data-elementor-post-type=\"page\">\n\t\t\t\t<div class=\"elementor-element elementor-element-660f945 top-banner-container e-flex e-con-boxed e-con e-parent\" data-id=\"660f945\" data-element_type=\"container\" data-e-type=\"container\">\n\t\t\t\t\t<div class=\"e-con-inner\">\n\t\t\t\t<div class=\"elementor-element elementor-element-e051911 elementor-widget elementor-widget-image\" data-id=\"e051911\" data-element_type=\"widget\" data-e-type=\"widget\" data-widget_type=\"image.default\">\n\t\t\t\t<div class=\"elementor-widget-container\">\n\t\t\t\t\t\t\t\t\t\t\t\t\t\t\t<img fetchpriority=\"high\" decoding=\"async\" width=\"1440\" height=\"442\" src=\"https:\/\/faciapmulher.org.br\/wp-content\/uploads\/2025\/10\/IMG_PADRAO_ZIONACES_PARCEIROS_PATROCINADORES.jpg\" class=\"attachment-full size-full wp-image-92844\" alt=\"\" srcset=\"https:\/\/faciapmulher.org.br\/wp-content\/uploads\/2025\/10\/IMG_PADRAO_ZIONACES_PARCEIROS_PATROCINADORES.jpg 1440w, https:\/\/faciapmulher.org.br\/wp-content\/uploads\/2025\/10\/IMG_PADRAO_ZIONACES_PARCEIROS_PATROCINADORES-300x92.jpg 300w, https:\/\/faciapmulher.org.br\/wp-content\/uploads\/2025\/10\/IMG_PADRAO_ZIONACES_PARCEIROS_PATROCINADORES-1024x314.jpg 1024w, https:\/\/faciapmulher.org.br\/wp-content\/uploads\/2025\/10\/IMG_PADRAO_ZIONACES_PARCEIROS_PATROCINADORES-768x236.jpg 768w\" sizes=\"(max-width: 1440px) 100vw, 1440px\" \/>\t\t\t\t\t\t\t\t\t\t\t\t\t\t\t<\/div>\n\t\t\t\t<\/div>\n\t\t\t\t\t<\/div>\n\t\t\t\t<\/div>\n\t\t<div class=\"elementor-element elementor-element-2aab443b e-con-full e-flex e-con e-parent\" data-id=\"2aab443b\" data-element_type=\"container\" data-e-type=\"container\" data-settings=\"{&quot;background_background&quot;:&quot;classic&quot;}\">\n\t\t\t\t<div class=\"elementor-element elementor-element-4624b9c5 elementor-widget elementor-widget-heading\" data-id=\"4624b9c5\" data-element_type=\"widget\" data-e-type=\"widget\" data-widget_type=\"heading.default\">\n\t\t\t\t<div class=\"elementor-widget-container\">\n\t\t\t\t\t<h2 class=\"elementor-heading-title elementor-size-default\">Parceiros e Patrocinadores<\/h2>\t\t\t\t<\/div>\n\t\t\t\t<\/div>\n\t\t\t\t<div class=\"elementor-element elementor-element-ba258ca elementor-widget__width-initial elementor-widget-mobile__width-inherit elementor-widget elementor-widget-heading\" data-id=\"ba258ca\" data-element_type=\"widget\" data-e-type=\"widget\" data-widget_type=\"heading.default\">\n\t\t\t\t<div class=\"elementor-widget-container\">\n\t\t\t\t\t<p class=\"elementor-heading-title elementor-size-default\">Conhe\u00e7a quem apoia e fortalece nossas iniciativas, promovendo <br>solu\u00e7\u00f5es inovadoras para o desenvolvimento de neg\u00f3cios e comunidades.<\/p>\t\t\t\t<\/div>\n\t\t\t\t<\/div>\n\t\t\t\t<\/div>\n\t\t<div class=\"elementor-element elementor-element-45687a50 e-flex e-con-boxed e-con e-parent\" data-id=\"45687a50\" data-element_type=\"container\" data-e-type=\"container\" data-settings=\"{&quot;background_background&quot;:&quot;classic&quot;}\">\n\t\t\t\t\t<div class=\"e-con-inner\">\n\t\t\t\t<div class=\"elementor-element elementor-element-522e35a elementor-grid-4 elementor-grid-tablet-1 elementor-grid-mobile-1 elementor-widget elementor-widget-loop-grid\" data-id=\"522e35a\" data-element_type=\"widget\" data-e-type=\"widget\" data-settings=\"{&quot;template_id&quot;:&quot;54406&quot;,&quot;columns&quot;:4,&quot;columns_tablet&quot;:1,&quot;_skin&quot;:&quot;post&quot;,&quot;columns_mobile&quot;:&quot;1&quot;,&quot;edit_handle_selector&quot;:&quot;[data-elementor-type=\\&quot;loop-item\\&quot;]&quot;,&quot;row_gap&quot;:{&quot;unit&quot;:&quot;px&quot;,&quot;size&quot;:&quot;&quot;,&quot;sizes&quot;:[]},&quot;row_gap_tablet&quot;:{&quot;unit&quot;:&quot;px&quot;,&quot;size&quot;:&quot;&quot;,&quot;sizes&quot;:[]},&quot;row_gap_mobile&quot;:{&quot;unit&quot;:&quot;px&quot;,&quot;size&quot;:&quot;&quot;,&quot;sizes&quot;:[]}}\" data-widget_type=\"loop-grid.post\">\n\t\t\t\t<div class=\"elementor-widget-container\">\n\t\t\t\t\t\t\t<div class=\"elementor-loop-container elementor-grid\" role=\"list\">\n\t\t<style id=\"loop-54406\">.card-parceiro {\n    display: flex;\n    flex: 1 1 auto;\n    overflow: hidden;\n    height: 100%;\n}\n\n.botao-parceiro-loop{\n    padding: 5px 12px;\n    margin: 0 auto;\n}\n\n.card-parceiro-container {\n    text-align: center;\n}\n\n.card-parceiro-container img {\n    width: 100%;\n    height: 150px;\n    margin-bottom: 5px;\n    object-fit: contain;\n}\n\n\n.botao-parceiro-loop svg {\n    height: 15px;\n    width: 15px;\n    color: #ffffff;\n    fill: #ffffff;\n    vertical-align: middle;\n    margin-bottom: 3px;\n}.elementor-54406 .elementor-element.elementor-element-637ec99{--display:flex;--flex-direction:column;--container-widget-width:100%;--container-widget-height:initial;--container-widget-flex-grow:0;--container-widget-align-self:initial;--flex-wrap-mobile:wrap;--justify-content:space-between;--gap:0px 0px;--row-gap:0px;--column-gap:0px;border-style:solid;--border-style:solid;border-width:2px 2px 2px 2px;--border-top-width:2px;--border-right-width:2px;--border-bottom-width:2px;--border-left-width:2px;border-color:var( --e-global-color-7199e26 );--border-color:var( --e-global-color-7199e26 );--border-radius:12px 12px 12px 12px;--padding-top:15px;--padding-bottom:15px;--padding-left:15px;--padding-right:15px;}.elementor-54406 .elementor-element.elementor-element-637ec99:not(.elementor-motion-effects-element-type-background), .elementor-54406 .elementor-element.elementor-element-637ec99 > .elementor-motion-effects-container > .elementor-motion-effects-layer{background-color:#FFFFFF;}<\/style>\t\t<div data-elementor-type=\"loop-item\" data-elementor-id=\"54406\" class=\"elementor elementor-54406 e-loop-item e-loop-item-147391 post-147391 parceiro type-parceiro status-publish has-post-thumbnail hentry\" data-elementor-post-type=\"elementor_library\" data-custom-edit-handle=\"1\">\n\t\t\t<div class=\"elementor-element elementor-element-637ec99 card-parceiro e-flex e-con-boxed e-con e-parent\" data-id=\"637ec99\" data-element_type=\"container\" data-e-type=\"container\" data-settings=\"{&quot;background_background&quot;:&quot;classic&quot;}\">\n\t\t\t\t\t<div class=\"e-con-inner\">\n\t\t\t\t<div class=\"elementor-element elementor-element-04599bf card-parceiro-container elementor-widget elementor-widget-shortcode\" data-id=\"04599bf\" data-element_type=\"widget\" data-e-type=\"widget\" data-widget_type=\"shortcode.default\">\n\t\t\t\t<div class=\"elementor-widget-container\">\n\t\t\t\t\t\t\t<div class=\"elementor-shortcode\"><a href=\"https:\/\/www.institutolaerteswille.com.br\" class=\"track-parceiro-click\" data-post-id=\"147391\" target=\"_blank\" rel=\"noopener noreferrer\"><img decoding=\"async\" width=\"300\" height=\"252\" src=\"https:\/\/faciapmulher.org.br\/wp-content\/uploads\/2026\/03\/upload_69c5394267866jpg.jpg\" class=\"attachment-medium size-medium wp-post-image\" alt=\"Instituto Laertes Wille\" \/><\/a><a href=\"https:\/\/www.institutolaerteswille.com.br\" class=\"btn-padrao botao-parceiro-loop track-parceiro-click\" data-post-id=\"147391\" target=\"_blank\" rel=\"noopener noreferrer\" aria-label=\"Conhe\u00e7a Instituto Laertes Wille\">Conhe\u00e7a  <svg aria-hidden=\"true\" class=\"e-font-icon-svg e-fas-external-link-square-alt\" viewBox=\"0 0 448 512\" xmlns=\"http:\/\/www.w3.org\/2000\/svg\"><path d=\"M448 80v352c0 26.51-21.49 48-48 48H48c-26.51 0-48-21.49-48-48V80c0-26.51 21.49-48 48-48h352c26.51 0 48 21.49 48 48zm-88 16H248.029c-21.313 0-32.08 25.861-16.971 40.971l31.984 31.987L67.515 364.485c-4.686 4.686-4.686 12.284 0 16.971l31.029 31.029c4.687 4.686 12.285 4.686 16.971 0l195.526-195.526 31.988 31.991C358.058 263.977 384 253.425 384 231.979V120c0-13.255-10.745-24-24-24z\"><\/path><\/svg><\/a><\/div>\n\t\t\t\t\t\t<\/div>\n\t\t\t\t<\/div>\n\t\t\t\t\t<\/div>\n\t\t\t\t<\/div>\n\t\t\t\t<\/div>\n\t\t\t\t<div data-elementor-type=\"loop-item\" data-elementor-id=\"54406\" class=\"elementor elementor-54406 e-loop-item e-loop-item-147394 post-147394 parceiro type-parceiro status-publish has-post-thumbnail hentry\" data-elementor-post-type=\"elementor_library\" data-custom-edit-handle=\"1\">\n\t\t\t<div class=\"elementor-element elementor-element-637ec99 card-parceiro e-flex e-con-boxed e-con e-parent\" data-id=\"637ec99\" data-element_type=\"container\" data-e-type=\"container\" data-settings=\"{&quot;background_background&quot;:&quot;classic&quot;}\">\n\t\t\t\t\t<div class=\"e-con-inner\">\n\t\t\t\t<div class=\"elementor-element elementor-element-04599bf card-parceiro-container elementor-widget elementor-widget-shortcode\" data-id=\"04599bf\" data-element_type=\"widget\" data-e-type=\"widget\" data-widget_type=\"shortcode.default\">\n\t\t\t\t<div class=\"elementor-widget-container\">\n\t\t\t\t\t\t\t<div class=\"elementor-shortcode\"><a href=\"https:\/\/www.facebook.com\/julianamartosadv\/\" class=\"track-parceiro-click\" data-post-id=\"147394\" target=\"_blank\" rel=\"noopener noreferrer\"><img decoding=\"async\" width=\"150\" height=\"150\" src=\"https:\/\/faciapmulher.org.br\/wp-content\/uploads\/2026\/03\/upload_69c53946e1e68jpg.jpg\" class=\"attachment-medium size-medium wp-post-image\" alt=\"Juliana Martos Advocacia e Consultoria Jur\u00eddica\" \/><\/a><a href=\"https:\/\/www.facebook.com\/julianamartosadv\/\" class=\"btn-padrao botao-parceiro-loop track-parceiro-click\" data-post-id=\"147394\" target=\"_blank\" rel=\"noopener noreferrer\" aria-label=\"Conhe\u00e7a Juliana Martos Advocacia e Consultoria Jur\u00eddica\">Conhe\u00e7a  <svg aria-hidden=\"true\" class=\"e-font-icon-svg e-fas-external-link-square-alt\" viewBox=\"0 0 448 512\" xmlns=\"http:\/\/www.w3.org\/2000\/svg\"><path d=\"M448 80v352c0 26.51-21.49 48-48 48H48c-26.51 0-48-21.49-48-48V80c0-26.51 21.49-48 48-48h352c26.51 0 48 21.49 48 48zm-88 16H248.029c-21.313 0-32.08 25.861-16.971 40.971l31.984 31.987L67.515 364.485c-4.686 4.686-4.686 12.284 0 16.971l31.029 31.029c4.687 4.686 12.285 4.686 16.971 0l195.526-195.526 31.988 31.991C358.058 263.977 384 253.425 384 231.979V120c0-13.255-10.745-24-24-24z\"><\/path><\/svg><\/a><\/div>\n\t\t\t\t\t\t<\/div>\n\t\t\t\t<\/div>\n\t\t\t\t\t<\/div>\n\t\t\t\t<\/div>\n\t\t\t\t<\/div>\n\t\t\t\t<\/div>\n\t\t\n\t\t\t\t\t\t<\/div>\n\t\t\t\t<\/div>\n\t\t\t\t\t<\/div>\n\t\t\t\t<\/div>\n\t\t\t\t<\/div>\n\t\t","protected":false},"excerpt":{"rendered":"<p>Parceiros e Patrocinadores Conhe\u00e7a quem apoia e fortalece nossas iniciativas, promovendo solu\u00e7\u00f5es inovadoras para o desenvolvimento de neg\u00f3cios e comunidades.<\/p>\n","protected":false},"author":13,"featured_media":0,"parent":0,"menu_order":0,"comment_status":"closed","ping_status":"closed","template":"elementor_header_footer","meta":{"_acf_changed":false,"_joinchat":[],"footnotes":""},"class_list":["post-569","page","type-page","status-publish","hentry"],"acf":false,"yoast_head":"<!-- This site is optimized with the Yoast SEO plugin v27.4 - https:\/\/yoast.com\/product\/yoast-seo-wordpress\/ -->\n<title>Nossos parceiros - FACIAP Mulher<\/title>\n<meta name=\"robots\" content=\"index, follow, max-snippet:-1, max-image-preview:large, max-video-preview:-1\" \/>\n<link rel=\"canonical\" href=\"https:\/\/faciapmulher.org.br\/?page_id=569\" \/>\n<meta property=\"og:locale\" content=\"pt_BR\" \/>\n<meta property=\"og:type\" content=\"article\" \/>\n<meta property=\"og:title\" content=\"Nossos parceiros - FACIAP Mulher\" \/>\n<meta property=\"og:description\" content=\"Parceiros e Patrocinadores Conhe\u00e7a quem apoia e fortalece nossas iniciativas, promovendo solu\u00e7\u00f5es inovadoras para o desenvolvimento de neg\u00f3cios e comunidades.\" \/>\n<meta property=\"og:url\" content=\"https:\/\/faciapmulher.org.br\/?page_id=569\" \/>\n<meta property=\"og:site_name\" content=\"FACIAP Mulher\" \/>\n<meta property=\"article:modified_time\" content=\"2025-10-03T18:17:21+00:00\" \/>\n<meta property=\"og:image\" content=\"https:\/\/faciapmulher.org.br\/wp-content\/uploads\/2025\/10\/IMG_PADRAO_ZIONACES_PARCEIROS_PATROCINADORES.jpg\" \/>\n<meta name=\"twitter:card\" content=\"summary_large_image\" \/>\n<meta name=\"twitter:label1\" content=\"Est. tempo de leitura\" \/>\n\t<meta name=\"twitter:data1\" content=\"1 minuto\" \/>\n<script type=\"application\/ld+json\" class=\"yoast-schema-graph\">{\"@context\":\"https:\\\/\\\/schema.org\",\"@graph\":[{\"@type\":\"WebPage\",\"@id\":\"https:\\\/\\\/faciapmulher.org.br\\\/?page_id=569\",\"url\":\"https:\\\/\\\/faciapmulher.org.br\\\/?page_id=569\",\"name\":\"Nossos parceiros - FACIAP Mulher\",\"isPartOf\":{\"@id\":\"https:\\\/\\\/faciapmulher.org.br\\\/#website\"},\"primaryImageOfPage\":{\"@id\":\"https:\\\/\\\/faciapmulher.org.br\\\/?page_id=569#primaryimage\"},\"image\":{\"@id\":\"https:\\\/\\\/faciapmulher.org.br\\\/?page_id=569#primaryimage\"},\"thumbnailUrl\":\"https:\\\/\\\/faciapmulher.org.br\\\/wp-content\\\/uploads\\\/2025\\\/10\\\/IMG_PADRAO_ZIONACES_PARCEIROS_PATROCINADORES.jpg\",\"datePublished\":\"2024-07-05T18:13:31+00:00\",\"dateModified\":\"2025-10-03T18:17:21+00:00\",\"breadcrumb\":{\"@id\":\"https:\\\/\\\/faciapmulher.org.br\\\/?page_id=569#breadcrumb\"},\"inLanguage\":\"pt-BR\",\"potentialAction\":[{\"@type\":\"ReadAction\",\"target\":[\"https:\\\/\\\/faciapmulher.org.br\\\/?page_id=569\"]}]},{\"@type\":\"ImageObject\",\"inLanguage\":\"pt-BR\",\"@id\":\"https:\\\/\\\/faciapmulher.org.br\\\/?page_id=569#primaryimage\",\"url\":\"https:\\\/\\\/faciapmulher.org.br\\\/wp-content\\\/uploads\\\/2025\\\/10\\\/IMG_PADRAO_ZIONACES_PARCEIROS_PATROCINADORES.jpg\",\"contentUrl\":\"https:\\\/\\\/faciapmulher.org.br\\\/wp-content\\\/uploads\\\/2025\\\/10\\\/IMG_PADRAO_ZIONACES_PARCEIROS_PATROCINADORES.jpg\",\"width\":1440,\"height\":442},{\"@type\":\"BreadcrumbList\",\"@id\":\"https:\\\/\\\/faciapmulher.org.br\\\/?page_id=569#breadcrumb\",\"itemListElement\":[{\"@type\":\"ListItem\",\"position\":1,\"name\":\"In\u00edcio\",\"item\":\"https:\\\/\\\/faciapmulher.org.br\\\/\"},{\"@type\":\"ListItem\",\"position\":2,\"name\":\"Nossos parceiros\"}]},{\"@type\":\"WebSite\",\"@id\":\"https:\\\/\\\/faciapmulher.org.br\\\/#website\",\"url\":\"https:\\\/\\\/faciapmulher.org.br\\\/\",\"name\":\"FACIAP Mulher\",\"description\":\"\",\"publisher\":{\"@id\":\"https:\\\/\\\/faciapmulher.org.br\\\/#organization\"},\"potentialAction\":[{\"@type\":\"SearchAction\",\"target\":{\"@type\":\"EntryPoint\",\"urlTemplate\":\"https:\\\/\\\/faciapmulher.org.br\\\/?s={search_term_string}\"},\"query-input\":{\"@type\":\"PropertyValueSpecification\",\"valueRequired\":true,\"valueName\":\"search_term_string\"}}],\"inLanguage\":\"pt-BR\"},{\"@type\":\"Organization\",\"@id\":\"https:\\\/\\\/faciapmulher.org.br\\\/#organization\",\"name\":\"FACIAP Mulher\",\"url\":\"https:\\\/\\\/faciapmulher.org.br\\\/\",\"logo\":{\"@type\":\"ImageObject\",\"inLanguage\":\"pt-BR\",\"@id\":\"https:\\\/\\\/faciapmulher.org.br\\\/#\\\/schema\\\/logo\\\/image\\\/\",\"url\":\"https:\\\/\\\/faciapmulher.org.br\\\/wp-content\\\/uploads\\\/2024\\\/07\\\/caciopar_logo.jpg\",\"contentUrl\":\"https:\\\/\\\/faciapmulher.org.br\\\/wp-content\\\/uploads\\\/2024\\\/07\\\/caciopar_logo.jpg\",\"width\":1024,\"height\":236,\"caption\":\"FACIAP Mulher\"},\"image\":{\"@id\":\"https:\\\/\\\/faciapmulher.org.br\\\/#\\\/schema\\\/logo\\\/image\\\/\"}}]}<\/script>\n<!-- \/ Yoast SEO plugin. -->","yoast_head_json":{"title":"Nossos parceiros - FACIAP Mulher","robots":{"index":"index","follow":"follow","max-snippet":"max-snippet:-1","max-image-preview":"max-image-preview:large","max-video-preview":"max-video-preview:-1"},"canonical":"https:\/\/faciapmulher.org.br\/?page_id=569","og_locale":"pt_BR","og_type":"article","og_title":"Nossos parceiros - FACIAP Mulher","og_description":"Parceiros e Patrocinadores Conhe\u00e7a quem apoia e fortalece nossas iniciativas, promovendo solu\u00e7\u00f5es inovadoras para o desenvolvimento de neg\u00f3cios e comunidades.","og_url":"https:\/\/faciapmulher.org.br\/?page_id=569","og_site_name":"FACIAP Mulher","article_modified_time":"2025-10-03T18:17:21+00:00","og_image":[{"url":"https:\/\/faciapmulher.org.br\/wp-content\/uploads\/2025\/10\/IMG_PADRAO_ZIONACES_PARCEIROS_PATROCINADORES.jpg","type":"","width":"","height":""}],"twitter_card":"summary_large_image","twitter_misc":{"Est. tempo de leitura":"1 minuto"},"schema":{"@context":"https:\/\/schema.org","@graph":[{"@type":"WebPage","@id":"https:\/\/faciapmulher.org.br\/?page_id=569","url":"https:\/\/faciapmulher.org.br\/?page_id=569","name":"Nossos parceiros - FACIAP Mulher","isPartOf":{"@id":"https:\/\/faciapmulher.org.br\/#website"},"primaryImageOfPage":{"@id":"https:\/\/faciapmulher.org.br\/?page_id=569#primaryimage"},"image":{"@id":"https:\/\/faciapmulher.org.br\/?page_id=569#primaryimage"},"thumbnailUrl":"https:\/\/faciapmulher.org.br\/wp-content\/uploads\/2025\/10\/IMG_PADRAO_ZIONACES_PARCEIROS_PATROCINADORES.jpg","datePublished":"2024-07-05T18:13:31+00:00","dateModified":"2025-10-03T18:17:21+00:00","breadcrumb":{"@id":"https:\/\/faciapmulher.org.br\/?page_id=569#breadcrumb"},"inLanguage":"pt-BR","potentialAction":[{"@type":"ReadAction","target":["https:\/\/faciapmulher.org.br\/?page_id=569"]}]},{"@type":"ImageObject","inLanguage":"pt-BR","@id":"https:\/\/faciapmulher.org.br\/?page_id=569#primaryimage","url":"https:\/\/faciapmulher.org.br\/wp-content\/uploads\/2025\/10\/IMG_PADRAO_ZIONACES_PARCEIROS_PATROCINADORES.jpg","contentUrl":"https:\/\/faciapmulher.org.br\/wp-content\/uploads\/2025\/10\/IMG_PADRAO_ZIONACES_PARCEIROS_PATROCINADORES.jpg","width":1440,"height":442},{"@type":"BreadcrumbList","@id":"https:\/\/faciapmulher.org.br\/?page_id=569#breadcrumb","itemListElement":[{"@type":"ListItem","position":1,"name":"In\u00edcio","item":"https:\/\/faciapmulher.org.br\/"},{"@type":"ListItem","position":2,"name":"Nossos parceiros"}]},{"@type":"WebSite","@id":"https:\/\/faciapmulher.org.br\/#website","url":"https:\/\/faciapmulher.org.br\/","name":"FACIAP Mulher","description":"","publisher":{"@id":"https:\/\/faciapmulher.org.br\/#organization"},"potentialAction":[{"@type":"SearchAction","target":{"@type":"EntryPoint","urlTemplate":"https:\/\/faciapmulher.org.br\/?s={search_term_string}"},"query-input":{"@type":"PropertyValueSpecification","valueRequired":true,"valueName":"search_term_string"}}],"inLanguage":"pt-BR"},{"@type":"Organization","@id":"https:\/\/faciapmulher.org.br\/#organization","name":"FACIAP Mulher","url":"https:\/\/faciapmulher.org.br\/","logo":{"@type":"ImageObject","inLanguage":"pt-BR","@id":"https:\/\/faciapmulher.org.br\/#\/schema\/logo\/image\/","url":"https:\/\/faciapmulher.org.br\/wp-content\/uploads\/2024\/07\/caciopar_logo.jpg","contentUrl":"https:\/\/faciapmulher.org.br\/wp-content\/uploads\/2024\/07\/caciopar_logo.jpg","width":1024,"height":236,"caption":"FACIAP Mulher"},"image":{"@id":"https:\/\/faciapmulher.org.br\/#\/schema\/logo\/image\/"}}]}},"_links":{"self":[{"href":"https:\/\/faciapmulher.org.br\/index.php?rest_route=\/wp\/v2\/pages\/569","targetHints":{"allow":["GET"]}}],"collection":[{"href":"https:\/\/faciapmulher.org.br\/index.php?rest_route=\/wp\/v2\/pages"}],"about":[{"href":"https:\/\/faciapmulher.org.br\/index.php?rest_route=\/wp\/v2\/types\/page"}],"author":[{"embeddable":true,"href":"https:\/\/faciapmulher.org.br\/index.php?rest_route=\/wp\/v2\/users\/13"}],"replies":[{"embeddable":true,"href":"https:\/\/faciapmulher.org.br\/index.php?rest_route=%2Fwp%2Fv2%2Fcomments&post=569"}],"version-history":[{"count":187,"href":"https:\/\/faciapmulher.org.br\/index.php?rest_route=\/wp\/v2\/pages\/569\/revisions"}],"predecessor-version":[{"id":99151,"href":"https:\/\/faciapmulher.org.br\/index.php?rest_route=\/wp\/v2\/pages\/569\/revisions\/99151"}],"wp:attachment":[{"href":"https:\/\/faciapmulher.org.br\/index.php?rest_route=%2Fwp%2Fv2%2Fmedia&parent=569"}],"curies":[{"name":"wp","href":"https:\/\/api.w.org\/{rel}","templated":true}]}}